{"id":5450,"date":"2021-07-28T16:18:27","date_gmt":"2021-07-28T15:18:27","guid":{"rendered":"https:\/\/capricciosa.com.pt\/home-page\/"},"modified":"2025-04-11T11:01:26","modified_gmt":"2025-04-11T10:01:26","slug":"home-page","status":"publish","type":"page","link":"https:\/\/capricciosa.com.pt\/en\/","title":{"rendered":"Home Page"},"content":{"rendered":"","protected":false},"excerpt":{"rendered":"","protected":false},"author":1,"featured_media":0,"parent":0,"menu_order":0,"comment_status":"closed","ping_status":"closed","template":"","meta":{"_acf_changed":false,"footnotes":""},"class_list":["post-5450","page","type-page","status-publish","hentry"],"acf":[],"yoast_head":"<!-- This site is optimized with the Yoast SEO plugin v25.4 - https:\/\/yoast.com\/wordpress\/plugins\/seo\/ -->\n<title>Capricciosa Artisan Pizzas - Restaurants at terraces with the best views<\/title>\n<meta name=\"description\" content=\"Capricciosa restaurants have unique locations, excellent terraces and children&#039;s spaces. Wood-fired pizzas and Italian dishes made with the best ingredients.\" \/>\n<meta name=\"robots\" content=\"index, follow, max-snippet:-1, max-image-preview:large, max-video-preview:-1\" \/>\n<link rel=\"canonical\" href=\"https:\/\/capricciosa.com.pt\/en\/\" \/>\n<meta property=\"og:locale\" content=\"en_US\" \/>\n<meta property=\"og:type\" content=\"article\" \/>\n<meta property=\"og:title\" content=\"Capricciosa Artisan Pizzas - Restaurants at terraces with the best views\" \/>\n<meta property=\"og:description\" content=\"Capricciosa restaurants have unique locations, excellent terraces and children&#039;s spaces. Wood-fired pizzas and Italian dishes made with the best ingredients.\" \/>\n<meta property=\"og:url\" content=\"https:\/\/capricciosa.com.pt\/en\/\" \/>\n<meta property=\"og:site_name\" content=\"Capricciosa Pizzas Artesanais\" \/>\n<meta property=\"article:modified_time\" content=\"2025-04-11T10:01:26+00:00\" \/>\n<meta property=\"og:image\" content=\"https:\/\/capricciosa.com.pt\/wp-content\/uploads\/2025\/01\/capricciosa-homepage-new.jpg\" \/>\n\t<meta property=\"og:image:width\" content=\"1920\" \/>\n\t<meta property=\"og:image:height\" content=\"1280\" \/>\n\t<meta property=\"og:image:type\" content=\"image\/jpeg\" \/>\n<meta name=\"twitter:card\" content=\"summary_large_image\" \/>\n<script type=\"application\/ld+json\" class=\"yoast-schema-graph\">{\"@context\":\"https:\/\/schema.org\",\"@graph\":[{\"@type\":\"WebPage\",\"@id\":\"https:\/\/capricciosa.com.pt\/en\/\",\"url\":\"https:\/\/capricciosa.com.pt\/en\/\",\"name\":\"Capricciosa Artisan Pizzas - Restaurants at terraces with the best views\",\"isPartOf\":{\"@id\":\"https:\/\/capricciosa.com.pt\/en\/#website\"},\"datePublished\":\"2021-07-28T15:18:27+00:00\",\"dateModified\":\"2025-04-11T10:01:26+00:00\",\"description\":\"Capricciosa restaurants have unique locations, excellent terraces and children\\\\'s spaces. Wood-fired pizzas and Italian dishes made with the best ingredients.\",\"breadcrumb\":{\"@id\":\"https:\/\/capricciosa.com.pt\/en\/#breadcrumb\"},\"inLanguage\":\"en-US\",\"potentialAction\":[{\"@type\":\"ReadAction\",\"target\":[\"https:\/\/capricciosa.com.pt\/en\/\"]}]},{\"@type\":\"BreadcrumbList\",\"@id\":\"https:\/\/capricciosa.com.pt\/en\/#breadcrumb\",\"itemListElement\":[{\"@type\":\"ListItem\",\"position\":1,\"name\":\"In\u00edcio\",\"item\":\"https:\/\/capricciosa.com.pt\/en\/\"},{\"@type\":\"ListItem\",\"position\":2,\"name\":\"Home Page\"}]},{\"@type\":\"WebSite\",\"@id\":\"https:\/\/capricciosa.com.pt\/en\/#website\",\"url\":\"https:\/\/capricciosa.com.pt\/en\/\",\"name\":\"Capricciosa Pizzas Artesanais\",\"description\":\"Restaurantes com localiza\u00e7\u00f5es \u00fanicas, excelentes esplanadas e espa\u00e7os infantis. Pizzas em forno de lenha e pratos italianos confecionados com os melhores produtos\",\"publisher\":{\"@id\":\"https:\/\/capricciosa.com.pt\/en\/#organization\"},\"potentialAction\":[{\"@type\":\"SearchAction\",\"target\":{\"@type\":\"EntryPoint\",\"urlTemplate\":\"https:\/\/capricciosa.com.pt\/en\/?s={search_term_string}\"},\"query-input\":{\"@type\":\"PropertyValueSpecification\",\"valueRequired\":true,\"valueName\":\"search_term_string\"}}],\"inLanguage\":\"en-US\"},{\"@type\":\"Organization\",\"@id\":\"https:\/\/capricciosa.com.pt\/en\/#organization\",\"name\":\"Capricciosa\",\"url\":\"https:\/\/capricciosa.com.pt\/en\/\",\"logo\":{\"@type\":\"ImageObject\",\"inLanguage\":\"en-US\",\"@id\":\"https:\/\/capricciosa.com.pt\/en\/#\/schema\/logo\/image\/\",\"url\":\"https:\/\/capricciosa.com.pt\/wp-content\/uploads\/2025\/01\/capricciosa-logo.png\",\"contentUrl\":\"https:\/\/capricciosa.com.pt\/wp-content\/uploads\/2025\/01\/capricciosa-logo.png\",\"width\":1862,\"height\":523,\"caption\":\"Capricciosa\"},\"image\":{\"@id\":\"https:\/\/capricciosa.com.pt\/en\/#\/schema\/logo\/image\/\"}}]}<\/script>\n<!-- \/ Yoast SEO plugin. -->","yoast_head_json":{"title":"Capricciosa Artisan Pizzas - Restaurants at terraces with the best views","description":"Capricciosa restaurants have unique locations, excellent terraces and children's spaces. Wood-fired pizzas and Italian dishes made with the best ingredients.","robots":{"index":"index","follow":"follow","max-snippet":"max-snippet:-1","max-image-preview":"max-image-preview:large","max-video-preview":"max-video-preview:-1"},"canonical":"https:\/\/capricciosa.com.pt\/en\/","og_locale":"en_US","og_type":"article","og_title":"Capricciosa Artisan Pizzas - Restaurants at terraces with the best views","og_description":"Capricciosa restaurants have unique locations, excellent terraces and children's spaces. Wood-fired pizzas and Italian dishes made with the best ingredients.","og_url":"https:\/\/capricciosa.com.pt\/en\/","og_site_name":"Capricciosa Pizzas Artesanais","article_modified_time":"2025-04-11T10:01:26+00:00","og_image":[{"width":1920,"height":1280,"url":"https:\/\/capricciosa.com.pt\/wp-content\/uploads\/2025\/01\/capricciosa-homepage-new.jpg","type":"image\/jpeg"}],"twitter_card":"summary_large_image","schema":{"@context":"https:\/\/schema.org","@graph":[{"@type":"WebPage","@id":"https:\/\/capricciosa.com.pt\/en\/","url":"https:\/\/capricciosa.com.pt\/en\/","name":"Capricciosa Artisan Pizzas - Restaurants at terraces with the best views","isPartOf":{"@id":"https:\/\/capricciosa.com.pt\/en\/#website"},"datePublished":"2021-07-28T15:18:27+00:00","dateModified":"2025-04-11T10:01:26+00:00","description":"Capricciosa restaurants have unique locations, excellent terraces and children\\'s spaces. Wood-fired pizzas and Italian dishes made with the best ingredients.","breadcrumb":{"@id":"https:\/\/capricciosa.com.pt\/en\/#breadcrumb"},"inLanguage":"en-US","potentialAction":[{"@type":"ReadAction","target":["https:\/\/capricciosa.com.pt\/en\/"]}]},{"@type":"BreadcrumbList","@id":"https:\/\/capricciosa.com.pt\/en\/#breadcrumb","itemListElement":[{"@type":"ListItem","position":1,"name":"In\u00edcio","item":"https:\/\/capricciosa.com.pt\/en\/"},{"@type":"ListItem","position":2,"name":"Home Page"}]},{"@type":"WebSite","@id":"https:\/\/capricciosa.com.pt\/en\/#website","url":"https:\/\/capricciosa.com.pt\/en\/","name":"Capricciosa Pizzas Artesanais","description":"Restaurantes com localiza\u00e7\u00f5es \u00fanicas, excelentes esplanadas e espa\u00e7os infantis. Pizzas em forno de lenha e pratos italianos confecionados com os melhores produtos","publisher":{"@id":"https:\/\/capricciosa.com.pt\/en\/#organization"},"potentialAction":[{"@type":"SearchAction","target":{"@type":"EntryPoint","urlTemplate":"https:\/\/capricciosa.com.pt\/en\/?s={search_term_string}"},"query-input":{"@type":"PropertyValueSpecification","valueRequired":true,"valueName":"search_term_string"}}],"inLanguage":"en-US"},{"@type":"Organization","@id":"https:\/\/capricciosa.com.pt\/en\/#organization","name":"Capricciosa","url":"https:\/\/capricciosa.com.pt\/en\/","logo":{"@type":"ImageObject","inLanguage":"en-US","@id":"https:\/\/capricciosa.com.pt\/en\/#\/schema\/logo\/image\/","url":"https:\/\/capricciosa.com.pt\/wp-content\/uploads\/2025\/01\/capricciosa-logo.png","contentUrl":"https:\/\/capricciosa.com.pt\/wp-content\/uploads\/2025\/01\/capricciosa-logo.png","width":1862,"height":523,"caption":"Capricciosa"},"image":{"@id":"https:\/\/capricciosa.com.pt\/en\/#\/schema\/logo\/image\/"}}]}},"_links":{"self":[{"href":"https:\/\/capricciosa.com.pt\/en\/wp-json\/wp\/v2\/pages\/5450","targetHints":{"allow":["GET"]}}],"collection":[{"href":"https:\/\/capricciosa.com.pt\/en\/wp-json\/wp\/v2\/pages"}],"about":[{"href":"https:\/\/capricciosa.com.pt\/en\/wp-json\/wp\/v2\/types\/page"}],"author":[{"embeddable":true,"href":"https:\/\/capricciosa.com.pt\/en\/wp-json\/wp\/v2\/users\/1"}],"replies":[{"embeddable":true,"href":"https:\/\/capricciosa.com.pt\/en\/wp-json\/wp\/v2\/comments?post=5450"}],"version-history":[{"count":8,"href":"https:\/\/capricciosa.com.pt\/en\/wp-json\/wp\/v2\/pages\/5450\/revisions"}],"predecessor-version":[{"id":6556,"href":"https:\/\/capricciosa.com.pt\/en\/wp-json\/wp\/v2\/pages\/5450\/revisions\/6556"}],"wp:attachment":[{"href":"https:\/\/capricciosa.com.pt\/en\/wp-json\/wp\/v2\/media?parent=5450"}],"curies":[{"name":"wp","href":"https:\/\/api.w.org\/{rel}","templated":true}]}}